{"id":3,"date":"2025-06-10T08:05:34","date_gmt":"2025-06-10T08:05:34","guid":{"rendered":"https:\/\/bandbladimora.com\/?page_id=3"},"modified":"2025-12-18T14:03:58","modified_gmt":"2025-12-18T14:03:58","slug":"datenschutzbestimmungen","status":"publish","type":"page","link":"https:\/\/bandbladimora.com\/de\/datenschutzbestimmungen\/","title":{"rendered":"Datenschutz und Cookie-Richtlinie"},"content":{"rendered":"<section class=\"bde-section-3-103 bde-section\">\n              \n  \n  \n\t\n\n  <div class=\"section-background-overlay\"><\/div>\n\n\n<div class=\"section-container\"><h1 class=\"bde-heading-3-104 bde-heading\">\nDatenschutz und Cookie-Richtlinie\n<\/h1><\/div>\n<\/section><section class=\"bde-section-3-106 bde-section\">\n  \n  \n\t\n\n\n\n<div class=\"section-container\"><div class=\"bde-columns-3-107 bde-columns\"><div class=\"bde-column-3-108 bde-column\">\n  \n  \n\t\n\n\n\n\n<\/div><div class=\"bde-column-3-109 bde-column\">\n  \n  \n\t\n\n\n\n<div class=\"bde-rich-text-3-111 bde-rich-text breakdance-rich-text-styles\">\n<h3>Datenschutzbestimmungen<\/h3><p>Gem\u00e4\u00df Artikel 10 des alten Gesetzes Nr. 675 vom 31.12.1996 und in \u00dcbereinstimmung mit Artikel 13 des neuen Datenschutzgesetzes (Gesetzesdekret Nr. 196\/2003 vom 30. Juni 2003) teilen wir Ihnen die folgenden Informationen mit: Die gesammelten Daten werden mit manuellen, informatischen und telematischen Mitteln verarbeitet und dienen folgenden Zwecken: - zur Durchf\u00fchrung des Versands von E-Mails an die Postf\u00e4cher der Abonnenten; - zur Erfassung der wesentlichen demografischen Daten, die es uns erm\u00f6glichen, Werbe- und Handelsdienstleistungen zu verbessern und zu f\u00f6rdern; Die von Ihnen gelieferten Daten werden nicht verliehen, verkauft oder mit anderen Organisationen ausgetauscht, es sei denn, Sie geben ausdr\u00fccklich Ihre Zustimmung. Wir m\u00f6chten Sie darauf hinweisen, dass die \u00dcbermittlung von Daten nicht zwingend erforderlich ist, um die E-Mails selbst zu versenden. Sie k\u00f6nnen sich an den Inhaber der Daten wenden, um Ihre Rechte gem\u00e4\u00df Artikel 13 des alten Gesetzes Nr. 675\/96 (Zugang, Berichtigung, Erg\u00e4nzung, L\u00f6schung, Widerspruch usw.) in \u00dcbereinstimmung mit Artikel 7 des neuen Datenschutzgesetzes (Gesetzesdekret Nr. 196 vom 30. Juni 2003) geltend zu machen.<\/p><p>Der Inhaber der Datenverarbeitung ist La Dimora (C.F. DPTMRA57R66H007A) Corso Ovidio, 238 Sulmona (AQ), in der Person seines gesetzlichen Vertreters pro tempore. Wir sind unter folgender Adresse zu erreichen: ladimora@hotmail.it\u00a0\u00a0\u00a0\u00a0\u00a0\u00a0\u00a0\u00a0\u00a0\u00a0\u00a0\u00a0\u00a0\u00a0\u00a0\u00a0\u00a0\u00a0\u00a0\u00a0\u00a0\u00a0\u00a0\u00a0\u00a0\u00a0\u00a0\u00a0\u00a0\u00a0\u00a0\u00a0\u00a0\u00a0\u00a0\u00a0\u00a0\u00a0\u00a0<\/p><h3>Cookie-Richtlinie<\/h3><div style=\"text-align: left;\">Die Website <b><a href=\"https:\/\/bandbladimora.com\/de\/\" target=\"_blank\" rel=\"nofollow noopener noreferrer\">www.bandbladimora.com<\/a><\/b> verwendet Cookies, um den Nutzern ihre Dienste einfach und effizient anbieten zu k\u00f6nnen, wenn sie ihre Seiten besuchen.<br \/>Diese Informationen gelten nur f\u00fcr die oben genannte Website und ihre zugeh\u00f6rigen Dom\u00e4nen zweiter und dritter Ebene und nicht f\u00fcr andere Websites, die \u00fcber Links aufgerufen werden k\u00f6nnen. Durch die Nutzung dieser Website erkl\u00e4ren Sie sich mit der Verwendung von Cookies in \u00dcbereinstimmung mit dieser Cookie-Richtlinie einverstanden. Wenn Sie mit der Verwendung von Cookies durch uns nicht einverstanden sind, m\u00fcssen Sie Ihren Browser entsprechend einstellen oder diese Website und die entsprechenden Dom\u00e4nen der zweiten und dritten Ebene nicht nutzen. Wenn Sie sich daf\u00fcr entscheiden, die von uns verwendeten Cookies zu deaktivieren, kann Ihre Erfahrung beim Browsen auf unserer Website beeintr\u00e4chtigt werden.<\/div><p>\u00a0<\/p><hr \/><p><strong>1. Was sind Cookies?<\/strong><\/p><p>Cookies sind kleine Textstrings, die die vom Nutzer besuchten Websites an sein Endger\u00e4t (in der Regel an den Browser) senden, wo sie gespeichert und beim n\u00e4chsten Besuch desselben Nutzers an dieselben Websites zur\u00fcckgesendet werden. W\u00e4hrend des Besuchs einer Website kann der Nutzer auch Cookies auf seinem Endger\u00e4t empfangen, die von verschiedenen Websites oder Webservern (so genannten \u201cDritten\u201d) gesendet werden und auf denen sich einige Elemente (wie z. B. Bilder, Karten, T\u00f6ne, spezifische Links zu Seiten anderer Domains) befinden k\u00f6nnen, die auf der von ihm besuchten Website vorhanden sind.<br \/>Cookies, die in der Regel in sehr gro\u00dfer Zahl in den Browsern der Nutzer vorhanden sind und manchmal auch die Merkmale einer breiten zeitlichen Persistenz aufweisen, werden f\u00fcr verschiedene Zwecke verwendet: Durchf\u00fchrung der Computerauthentifizierung, \u00dcberwachung der Sitzungen, Speicherung von Informationen \u00fcber spezifische Konfigurationen bez\u00fcglich der Nutzer, die auf den Server zugreifen, usw.<\/p><p>\u00a0<\/p><hr \/><p><strong>2. Was sind die wichtigsten Arten von Cookies?<\/strong><\/p><p>In diesem Zusammenhang und f\u00fcr die Zwecke dieser Bestimmung werden daher zwei Makro-Kategorien unterschieden: \u201ctechnische\u201d Cookies und \u201cProfiling\u201d-Cookies.<\/p><p><em><strong>a. Technische Cookies.<\/strong><\/em><\/p><p>Technische Cookies werden ausschlie\u00dflich zu dem Zweck verwendet, \u201cdie \u00dcbertragung einer Nachricht \u00fcber ein elektronisches Kommunikationsnetz durchzuf\u00fchren, oder soweit dies f\u00fcr den Anbieter eines Dienstes der Informationsgesellschaft, der vom Teilnehmer oder Nutzer ausdr\u00fccklich zur Bereitstellung eines solchen Dienstes aufgefordert wird, unbedingt erforderlich ist\u201d (vgl. Art. 122(1) des Datenschutzgesetzes).<br \/>Sie werden f\u00fcr keinen anderen Zweck verwendet und werden normalerweise direkt vom Eigent\u00fcmer oder Betreiber der Website installiert. Sie k\u00f6nnen unterteilt werden in Navigations- oder Sitzungscookies, die die normale Navigation und Nutzung der Website erm\u00f6glichen (z. B. um einen Kauf zu t\u00e4tigen oder sich f\u00fcr den Zugang zu gesch\u00fctzten Bereichen zu authentifizieren); Analyse-Cookies, die technischen Cookies gleichgestellt sind, wenn sie direkt vom Betreiber der Website verwendet werden, um in aggregierter Form Informationen \u00fcber die Anzahl der Nutzer und deren Besuch der Website zu sammeln Funktionalit\u00e4ts-Cookies, die es dem Nutzer erm\u00f6glichen, nach einer Reihe ausgew\u00e4hlter Kriterien zu navigieren (z. B. Sprache, zum Kauf ausgew\u00e4hlte Produkte), um den ihm gebotenen Service zu verbessern. Die vorherige Zustimmung der Nutzer ist f\u00fcr die Installation solcher Cookies nicht erforderlich.<\/p><p><em><strong>b. Profilierungs-Cookies.<\/strong><\/em><\/p><p>Profiling-Cookies dienen der Erstellung von Nutzerprofilen und werden verwendet, um Werbebotschaften entsprechend den vom Nutzer beim Surfen im Internet ge\u00e4u\u00dferten Pr\u00e4ferenzen zu versenden. Aufgrund des besonderen Eingriffs, den solche Ger\u00e4te in die Privatsph\u00e4re der Nutzer bewirken k\u00f6nnen, sieht das europ\u00e4ische und italienische Recht vor, dass der Nutzer angemessen \u00fcber ihre Verwendung informiert werden und somit seine g\u00fcltige Zustimmung geben muss. Sie werden in Artikel 122 des Datenschutzgesetzes erw\u00e4hnt, in dem es hei\u00dft: \u201cDie Speicherung von Informationen im Endger\u00e4t eines Vertragspartners oder Nutzers oder der Zugriff auf bereits gespeicherte Informationen ist nur unter der Bedingung zul\u00e4ssig, dass der Vertragspartner oder Nutzer seine Zustimmung gegeben hat, nachdem er in der vereinfachten Form gem\u00e4\u00df Artikel 13 des Datenschutzgesetzes, Absatz 3, informiert wurde. .<\/p><p><em><strong>Sitzungs- und dauerhafte Cookies<\/strong><\/em><\/p><p>Sitzungs-Cookies, die die Informationen enthalten, die in Ihrer aktuellen Browser-Sitzung verwendet werden. Diese Cookies werden automatisch gel\u00f6scht, wenn Sie den Browser schlie\u00dfen. Nichts wird auf Ihrem Computer \u00fcber die Zeit hinaus gespeichert, in der Sie die Website nutzen (ASP.NET_SessionId und Sprache).<\/p><p>Dauerhafte Cookies (Typ ASPXANONYMOUS), die dazu dienen, Informationen zu speichern, die zwischen den Besuchen der Website verwendet werden, oder die f\u00fcr technische Zwecke und zur Verbesserung der Website-Navigation eingesetzt werden. Anhand dieser Daten k\u00f6nnen die Websites erkennen, dass Sie ein bekannter Nutzer oder Besucher sind, und sich entsprechend anpassen. Dauerhafte\u201c Cookies haben eine Dauer, die von der Website festgelegt wird und von einigen Minuten bis zu mehreren Jahren reichen kann.<\/p><p><em><strong>Erstanbieter- und Drittanbieter-Cookies<\/strong><\/em><\/p><p>Das hei\u00dft, es muss ber\u00fccksichtigt werden, wer Cookies auf dem Endger\u00e4t des Nutzers installiert, je nachdem, ob es sich um denselben Betreiber der Website handelt, die der Nutzer besucht (der kurz als \u201cHerausgeber\u201d bezeichnet werden kann), oder um eine andere Website, die Cookies \u00fcber den erstgenannten Betreiber installiert (sogenannte \u201cDritte\u201d).<\/p><p>I\u00a0<em>Erstanbieter-Cookies<\/em>, erstellt und von der Website, die sie erstellt hat, gelesen werden k\u00f6nnen.<\/p><p>I\u00a0<em>Cookies von Dritten<\/em>, die von Domains au\u00dferhalb der Website erstellt und lesbar sind und deren Daten bei dem Dritten gespeichert werden.<\/p><p><em>Die Werbung auf unserer Website wird von Drittanbietern bereitgestellt. Unsere Werbepartner stellen Ihnen Werbung zur Verf\u00fcgung, die f\u00fcr Sie von Interesse sein k\u00f6nnte, und zwar auf der Grundlage von Informationen, die durch Ihre Besuche auf dieser und anderen Websites gesammelt wurden. Zu diesem Zweck muss unser Partner m\u00f6glicherweise ein Cookie (eine kurze Textdatei) auf Ihrem Computer ablegen. Weitere Informationen \u00fcber diese Art von nutzergenerierter Werbung durch Cookies von Drittanbietern finden Sie auf den Websites der Drittanbieter unter den nachstehenden Links.<\/em><\/p><p>Unter dem Link\u00a0<a href=\"http:\/\/www.youronlinechoices.com\" target=\"_blank\" rel=\"noopener\">www.youronlinechoices.com<\/a>\u00a0finden Sie auch Informationen dar\u00fcber, wie verhaltensorientierte Werbung funktioniert, und viele Informationen\u00a0<a href=\"http:\/\/www.youronlinechoices.com\/it\/faqs#1\" target=\"_blank\" rel=\"noopener\"><span style=\"text-decoration: underline;\">\u00fcber Cookies<\/span><\/a>\u00a0sowie die Schritte, die zum Schutz der Privatsph\u00e4re im Internet einzuhalten sind\u201d.<\/p><p>\u00a0<\/p><hr \/><h3><strong>ALLGEMEINE COOKIE-VERWALTUNG<\/strong><\/h3><h4><strong>So deaktivieren Sie Cookies \u00fcber die Browser-Konfiguration<\/strong><\/h4><ul><li><span style=\"font-size: 12.1599998474121px; line-height: 1.3em;\">Deaktivieren von Cookies auf\u00a0<\/span><a style=\"font-size: 12.1599998474121px; line-height: 1.3em;\" href=\"https:\/\/support.mozilla.org\/it\/kb\/Attivare%20e%20disattivare%20i%20cookie\" target=\"_blank\" rel=\"noopener\"><strong>Firefox<\/strong><\/a><\/li><li><span style=\"font-size: 12.1599998474121px; line-height: 1.3em;\">Deaktivieren von Cookies auf\u00a0<\/span><a style=\"font-size: 12.1599998474121px; line-height: 1.3em;\" href=\"http:\/\/www.google.com\/policies\/technologies\/managing\/\" target=\"_blank\" rel=\"noopener\"><strong>Chrom<\/strong><\/a><\/li><li><span style=\"font-size: 12.1599998474121px; line-height: 1.3em;\">Deaktivieren von Cookies auf\u00a0<\/span><a style=\"font-size: 12.1599998474121px; line-height: 1.3em;\" href=\"http:\/\/windows.microsoft.com\/it-it\/internet-explorer\/delete-manage-cookies#ie=ie-11\" target=\"_blank\" rel=\"noopener\"><strong>Internet Explorer<\/strong><\/a><\/li><li><span style=\"font-size: 12.1599998474121px; line-height: 1.3em;\">Deaktivieren von Cookies auf\u00a0<\/span><a style=\"font-size: 12.1599998474121px; line-height: 1.3em;\" href=\"http:\/\/support.apple.com\/kb\/HT1677?viewlocale=it_IT&amp;locale=it_IT\" target=\"_blank\" rel=\"noopener\"><strong>Safari<\/strong><\/a><\/li><li><span style=\"font-size: 12.1599998474121px; line-height: 1.3em;\">Deaktivieren von Cookies auf\u00a0<\/span><a style=\"font-size: 12.1599998474121px; line-height: 1.3em;\" href=\"http:\/\/help.opera.com\/Mac\/12.10\/it\/cookies.html\" target=\"_blank\" rel=\"noopener\"><strong>Oper<\/strong><\/a><\/li><\/ul><h4><strong>So deaktivieren Sie Cookies von bestimmten Diensten Dritter<\/strong><\/h4><ul><li><a href=\"http:\/\/www.google.com\/ads\/preferences\/?hl=it\" target=\"_blank\" rel=\"nofollow noopener\">Google-Dienste<\/a><\/li><li><a href=\"https:\/\/www.facebook.com\/help\/cookies?ref_type=sitefooter\" target=\"_blank\" rel=\"nofollow noopener\">Facebook<\/a><\/li><li><a href=\"https:\/\/support.twitter.com\/articles\/20170519-uso-dei-cookie-e-di-altre-tecnologie-simili-da-parte-di-twitter\" target=\"_blank\" rel=\"nofollow noopener\">Twitter<\/a><\/li><li><a href=\"http:\/\/www.histats.com\/optOut.php\" target=\"_blank\" rel=\"noopener\">Histats<\/a><\/li><\/ul><h4><strong>L\u00f6schen von Flash-Cookies<\/strong><\/h4><ul><li><a href=\"http:\/\/www.macromedia.com\/support\/documentation\/en\/flashplayer\/help\/settings_manager07.html\" target=\"_blank\" rel=\"noopener\">Flash-Spieler<\/a><\/li><\/ul><h4><strong>Verwaltung von Drittanbieter-Cookies<\/strong><\/h4><p><a href=\"http:\/\/www.youronlinechoices.com\/it\/\" target=\"_blank\" rel=\"noopener\">http:\/\/www.youronlinechoices.com\/it\/<\/a><\/p>\n<\/div>\n<\/div><div class=\"bde-column-3-110 bde-column\">\n  \n  \n\t\n\n\n\n\n<\/div><\/div><\/div>\n<\/section>","protected":false},"excerpt":{"rendered":"<p>Privacy e Cookies Policy Privacy PolicyAi sensi dell&#8217;articolo 10 della ex-legge 31.12.1996 n. 675, in ottemperanza all&#8217;art. 13 del Nuovo Codice Privacy (dlgs 30 Giugno 2003 n. 196\/2003) Le forniamo le seguenti informazioni: Il trattamento dei dati raccolti sar\u00e0 effettuato mediante elaborazioni manuali, strumenti informatici e telematici e avr\u00e0 le seguenti finalit\u00e0: &#8211; dare esecuzione [&hellip;]<\/p>","protected":false},"author":1,"featured_media":0,"parent":0,"menu_order":0,"comment_status":"closed","ping_status":"closed","template":"","meta":{"_breakdance_hide_in_design_set":false,"_breakdance_tags":"","footnotes":""},"class_list":["post-3","page","type-page","status-publish","hentry"],"_links":{"self":[{"href":"https:\/\/bandbladimora.com\/de\/wp-json\/wp\/v2\/pages\/3","targetHints":{"allow":["GET"]}}],"collection":[{"href":"https:\/\/bandbladimora.com\/de\/wp-json\/wp\/v2\/pages"}],"about":[{"href":"https:\/\/bandbladimora.com\/de\/wp-json\/wp\/v2\/types\/page"}],"author":[{"embeddable":true,"href":"https:\/\/bandbladimora.com\/de\/wp-json\/wp\/v2\/users\/1"}],"replies":[{"embeddable":true,"href":"https:\/\/bandbladimora.com\/de\/wp-json\/wp\/v2\/comments?post=3"}],"version-history":[{"count":14,"href":"https:\/\/bandbladimora.com\/de\/wp-json\/wp\/v2\/pages\/3\/revisions"}],"predecessor-version":[{"id":1951,"href":"https:\/\/bandbladimora.com\/de\/wp-json\/wp\/v2\/pages\/3\/revisions\/1951"}],"wp:attachment":[{"href":"https:\/\/bandbladimora.com\/de\/wp-json\/wp\/v2\/media?parent=3"}],"curies":[{"name":"wp","href":"https:\/\/api.w.org\/{rel}","templated":true}]}}