{"id":3,"date":"2025-06-10T08:05:34","date_gmt":"2025-06-10T08:05:34","guid":{"rendered":"https:\/\/bandbladimora.com\/?page_id=3"},"modified":"2025-12-18T14:03:58","modified_gmt":"2025-12-18T14:03:58","slug":"privacy-policy","status":"publish","type":"page","link":"https:\/\/bandbladimora.com\/en\/privacy-policy\/","title":{"rendered":"Privacy and Cookies Policy"},"content":{"rendered":"<section class=\"bde-section-3-103 bde-section\">\n              \n  \n  \n\t\n\n  <div class=\"section-background-overlay\"><\/div>\n\n\n<div class=\"section-container\"><h1 class=\"bde-heading-3-104 bde-heading\">\nPrivacy and Cookies Policy\n<\/h1><\/div>\n<\/section><section class=\"bde-section-3-106 bde-section\">\n  \n  \n\t\n\n\n\n<div class=\"section-container\"><div class=\"bde-columns-3-107 bde-columns\"><div class=\"bde-column-3-108 bde-column\">\n  \n  \n\t\n\n\n\n\n<\/div><div class=\"bde-column-3-109 bde-column\">\n  \n  \n\t\n\n\n\n<div class=\"bde-rich-text-3-111 bde-rich-text breakdance-rich-text-styles\">\n<h3>Privacy Policy<\/h3><p>Pursuant to Article 10 of the former Law no. 675 of 31.12.1996, in compliance with Article 13 of the New Privacy Code (Legislative Decree no. 196\/2003 of 30 June 2003) we provide you with the following information: The data collected will be processed by means of manual processing, computerised and telematic tools and will have the following purposes: - to carry out the sending of emails to the subscribers' mailboxes; - to collect the essential demographic information that will enable us to perfect and promote promotional and commercial services; The data you provide will not be lent, sold or exchanged with other organisations, unless you expressly give your consent. We would like to inform you that the provision of data is not compulsory in order to send the e-mails themselves. You may apply to the data controller to assert your rights as provided for in Article 13 of the former Law No. 675\/96 (access, rectification, integration, cancellation, opposition, etc.), in accordance with Article 7 of the New Privacy Code (Legislative Decree No. 196 of 30 June 2003).<\/p><p>The data controller is La Dimora (C.F. DPTMRA57R66H007A) Corso Ovidio, 238 Sulmona (AQ), in the person of its legal representative pro tempore. We can be contacted at the following address: ladimora@hotmail.it\u00a0\u00a0\u00a0\u00a0\u00a0\u00a0\u00a0\u00a0\u00a0\u00a0\u00a0\u00a0\u00a0\u00a0\u00a0\u00a0\u00a0\u00a0\u00a0\u00a0\u00a0\u00a0\u00a0\u00a0\u00a0\u00a0\u00a0\u00a0\u00a0\u00a0\u00a0\u00a0\u00a0\u00a0\u00a0\u00a0\u00a0\u00a0\u00a0<\/p><h3>Cookie Policy<\/h3><div style=\"text-align: left;\">The website <b><a href=\"https:\/\/bandbladimora.com\/en\/\" target=\"_blank\" rel=\"nofollow noopener noreferrer\">www.bandbladimora.com<\/a><\/b> uses cookies to offer its services simply and efficiently to Users when consulting its pages.<br \/>This information applies only to the above-mentioned Site and its related second and third level domains and not to any other sites that may be consulted through links. By using this Site you consent to our use of cookies in accordance with this Cookie Policy. If you do not consent to our use of cookies, you must set your browser accordingly or not use this Site or the corresponding second and third level domains. If you choose to disable the cookies we use, your experience while browsing our Site may be affected.<\/div><p>\u00a0<\/p><hr \/><p><strong>1. What are Cookies?<\/strong><\/p><p>Cookies are small text strings that the sites visited by the user send to his\/her terminal (usually to the browser), where they are stored and then retransmitted to the same sites the next time the same user visits. While browsing a site, the user may also receive cookies on his terminal equipment that are sent by different sites or web servers (so-called \u201cthird parties\u201d), on which some elements (such as, for example, images, maps, sounds, specific links to pages of other domains) present on the site he is visiting may reside.<br \/>Cookies, which are usually present in users' browsers in very large numbers and sometimes even with characteristics of wide temporal persistence, are used for different purposes: performing computer authentication, session monitoring, storing information on specific configurations concerning users accessing the server, etc.<\/p><p>\u00a0<\/p><hr \/><p><strong>2. What are the main types of Cookies?<\/strong><\/p><p>In this regard, and for the purposes of this provision, two macro-categories are therefore identified: \u201ctechnical\u201d cookies and \u201cprofiling\u201d cookies.<\/p><p><em><strong>a. Technical cookies.<\/strong><\/em><\/p><p>Technical cookies are those used for the sole purpose of \u201ccarrying out the transmission of a communication over an electronic communications network, or to the extent strictly necessary for the provider of an information society service explicitly requested by the subscriber or user to provide such a service\u201d (cf. Art. 122(1) of the Privacy Code).<br \/>They are not used for any other purpose and are normally installed directly by the owner or operator of the website. They can be divided into navigation or session cookies, which ensure normal navigation and use of the website (allowing, for example, to make a purchase or authenticate to access restricted areas); analytics cookies, assimilated to technical cookies where they are used directly by the website operator to collect information, in aggregate form, on the number of users and how they visit the site functionality cookies, which allow the user to navigate according to a set of selected criteria (e.g. language, products selected for purchase) in order to improve the service rendered to the same. Users' prior consent is not required for the installation of such cookies.<\/p><p><em><strong>b. Profiling cookies.<\/strong><\/em><\/p><p>Profiling cookies are aimed at creating user profiles and are used to send advertising messages in line with the preferences expressed by the user while surfing the web. Because of the particular invasiveness that such devices may have in the private sphere of users, European and Italian legislation provides that the user must be adequately informed about their use and thus express his valid consent. They are referred to in Article 122 of the Privacy Code where it provides that \u201cthe storage of information in the terminal equipment of a contracting party or user or access to information already stored is permitted only on condition that the contracting party or user has given his or her consent after having been informed in the simplified manner set out in Article 13 of the Privacy Code, paragraph 3'. .<\/p><p><em><strong>Session and Persistent Cookies<\/strong><\/em><\/p><p>Session Cookies, which contain the information that is used in your current browser session. These cookies are automatically deleted when you close the browser. Nothing is stored on your computer beyond the time you use the site (ASP.NET_SessionId and language).<\/p><p>Persistent Cookies (ASPXANONYMOUS type), which are used to retain information that is used in between visits to the website, or used for technical purposes and to improve website navigation. This data allows sites to recognise that you are a known user or visitor and adapt accordingly. Persistent\u201c cookies have a duration that is set by the website and can vary from a few minutes to several years.<\/p><p><em><strong>First-party and third-party cookies<\/strong><\/em><\/p><p>That is, it is necessary to take into account the different entity that installs cookies on the user's terminal, depending on whether it is the same operator of the site that the user is visiting (which can be briefly referred to as the \u201cpublisher\u201d) or a different site that installs cookies through the former (so-called \u201cthird parties\u201d).<\/p><p>I\u00a0<em>First-party cookies<\/em>, created and readable by the site that created them.<\/p><p>I\u00a0<em>Third-party cookies<\/em>, which are created and readable from domains outside the site and whose data are stored at the third party.<\/p><p><em>The advertisements on our site are provided by third party organisations. Our advertising partners will provide advertisements that are deemed to be of interest to you, based on information collected as a result of your visits to this and other websites. In order to do this, our partner may need to place a cookie (a short text file) on your computer. For more information about this type of user-generated advertising from third-party cookies, you can visit the third-party sites at the links below.<\/em><\/p><p>At the link\u00a0<a href=\"http:\/\/www.youronlinechoices.com\" target=\"_blank\" rel=\"noopener\">www.youronlinechoices.com<\/a>\u00a0you will also find information on how behavioural advertising works and a lot of information\u00a0<a href=\"http:\/\/www.youronlinechoices.com\/it\/faqs#1\" target=\"_blank\" rel=\"noopener\"><span style=\"text-decoration: underline;\">about cookies<\/span><\/a>\u00a0as well as the steps to be followed to protect privacy on the Internet\u201d.<\/p><p>\u00a0<\/p><hr \/><h3><strong>GENERAL COOKIE MANAGEMENT<\/strong><\/h3><h4><strong>How to disable cookies via browser configuration<\/strong><\/h4><ul><li><span style=\"font-size: 12.1599998474121px; line-height: 1.3em;\">Disabling cookies on\u00a0<\/span><a style=\"font-size: 12.1599998474121px; line-height: 1.3em;\" href=\"https:\/\/support.mozilla.org\/it\/kb\/Attivare%20e%20disattivare%20i%20cookie\" target=\"_blank\" rel=\"noopener\"><strong>Firefox<\/strong><\/a><\/li><li><span style=\"font-size: 12.1599998474121px; line-height: 1.3em;\">Disabling cookies on\u00a0<\/span><a style=\"font-size: 12.1599998474121px; line-height: 1.3em;\" href=\"http:\/\/www.google.com\/policies\/technologies\/managing\/\" target=\"_blank\" rel=\"noopener\"><strong>Chrome<\/strong><\/a><\/li><li><span style=\"font-size: 12.1599998474121px; line-height: 1.3em;\">Disabling cookies on\u00a0<\/span><a style=\"font-size: 12.1599998474121px; line-height: 1.3em;\" href=\"http:\/\/windows.microsoft.com\/it-it\/internet-explorer\/delete-manage-cookies#ie=ie-11\" target=\"_blank\" rel=\"noopener\"><strong>Internet Explorer<\/strong><\/a><\/li><li><span style=\"font-size: 12.1599998474121px; line-height: 1.3em;\">Disabling cookies on\u00a0<\/span><a style=\"font-size: 12.1599998474121px; line-height: 1.3em;\" href=\"http:\/\/support.apple.com\/kb\/HT1677?viewlocale=it_IT&amp;locale=it_IT\" target=\"_blank\" rel=\"noopener\"><strong>Safari<\/strong><\/a><\/li><li><span style=\"font-size: 12.1599998474121px; line-height: 1.3em;\">Disabling cookies on\u00a0<\/span><a style=\"font-size: 12.1599998474121px; line-height: 1.3em;\" href=\"http:\/\/help.opera.com\/Mac\/12.10\/it\/cookies.html\" target=\"_blank\" rel=\"noopener\"><strong>Opera<\/strong><\/a><\/li><\/ul><h4><strong>How to disable cookies from specific third-party services<\/strong><\/h4><ul><li><a href=\"http:\/\/www.google.com\/ads\/preferences\/?hl=it\" target=\"_blank\" rel=\"nofollow noopener\">Google Services<\/a><\/li><li><a href=\"https:\/\/www.facebook.com\/help\/cookies?ref_type=sitefooter\" target=\"_blank\" rel=\"nofollow noopener\">Facebook<\/a><\/li><li><a href=\"https:\/\/support.twitter.com\/articles\/20170519-uso-dei-cookie-e-di-altre-tecnologie-simili-da-parte-di-twitter\" target=\"_blank\" rel=\"nofollow noopener\">Twitter<\/a><\/li><li><a href=\"http:\/\/www.histats.com\/optOut.php\" target=\"_blank\" rel=\"noopener\">Histats<\/a><\/li><\/ul><h4><strong>Deleting Flash Cookies<\/strong><\/h4><ul><li><a href=\"http:\/\/www.macromedia.com\/support\/documentation\/en\/flashplayer\/help\/settings_manager07.html\" target=\"_blank\" rel=\"noopener\">Flash Player<\/a><\/li><\/ul><h4><strong>Third Party Cookie Management<\/strong><\/h4><p><a href=\"http:\/\/www.youronlinechoices.com\/it\/\" target=\"_blank\" rel=\"noopener\">http:\/\/www.youronlinechoices.com\/it\/<\/a><\/p>\n<\/div>\n<\/div><div class=\"bde-column-3-110 bde-column\">\n  \n  \n\t\n\n\n\n\n<\/div><\/div><\/div>\n<\/section>","protected":false},"excerpt":{"rendered":"<p>Privacy e Cookies Policy Privacy PolicyAi sensi dell&#8217;articolo 10 della ex-legge 31.12.1996 n. 675, in ottemperanza all&#8217;art. 13 del Nuovo Codice Privacy (dlgs 30 Giugno 2003 n. 196\/2003) Le forniamo le seguenti informazioni: Il trattamento dei dati raccolti sar\u00e0 effettuato mediante elaborazioni manuali, strumenti informatici e telematici e avr\u00e0 le seguenti finalit\u00e0: &#8211; dare esecuzione [&hellip;]<\/p>","protected":false},"author":1,"featured_media":0,"parent":0,"menu_order":0,"comment_status":"closed","ping_status":"closed","template":"","meta":{"_breakdance_hide_in_design_set":false,"_breakdance_tags":"","footnotes":""},"class_list":["post-3","page","type-page","status-publish","hentry"],"_links":{"self":[{"href":"https:\/\/bandbladimora.com\/en\/wp-json\/wp\/v2\/pages\/3","targetHints":{"allow":["GET"]}}],"collection":[{"href":"https:\/\/bandbladimora.com\/en\/wp-json\/wp\/v2\/pages"}],"about":[{"href":"https:\/\/bandbladimora.com\/en\/wp-json\/wp\/v2\/types\/page"}],"author":[{"embeddable":true,"href":"https:\/\/bandbladimora.com\/en\/wp-json\/wp\/v2\/users\/1"}],"replies":[{"embeddable":true,"href":"https:\/\/bandbladimora.com\/en\/wp-json\/wp\/v2\/comments?post=3"}],"version-history":[{"count":14,"href":"https:\/\/bandbladimora.com\/en\/wp-json\/wp\/v2\/pages\/3\/revisions"}],"predecessor-version":[{"id":1951,"href":"https:\/\/bandbladimora.com\/en\/wp-json\/wp\/v2\/pages\/3\/revisions\/1951"}],"wp:attachment":[{"href":"https:\/\/bandbladimora.com\/en\/wp-json\/wp\/v2\/media?parent=3"}],"curies":[{"name":"wp","href":"https:\/\/api.w.org\/{rel}","templated":true}]}}